{"id":12776,"date":"2025-01-23T07:36:34","date_gmt":"2025-01-23T07:36:34","guid":{"rendered":"https:\/\/printsale.lv\/davanas\/?post_type=product&#038;p=12776"},"modified":"2025-01-24T11:51:58","modified_gmt":"2025-01-24T11:51:58","slug":"t-krekls","status":"publish","type":"product","link":"https:\/\/printsale.lv\/davanas\/produkts\/t-krekls\/","title":{"rendered":"V\u012brie\u0161u t-krekls"},"content":{"rendered":"","protected":false},"excerpt":{"rendered":"<p>V\u012brie\u0161u t-krekls &#8211; klasiska un vielsat\u012bga ap\u0123\u0113rba ikona. Izv\u0113lies savu unik\u0101lo dizainu &#8211; pieliec personaliz\u0113tu tekstu, att\u0113lu vai \u012bpa\u0161u grafiku, kas atkl\u0101j tavu person\u012bbu. \u0112rts, kvalitat\u012bvs piegriezums, kas ieder\u0113sies gan ikdien\u0101, gan br\u012bv\u0101 laika gait\u0101s. Ide\u0101la d\u0101vana sev vai citiem, ar iesp\u0113ju pievienot \u012bpa\u0161u v\u0113st\u012bjumu.<\/p>\n","protected":false},"featured_media":12783,"comment_status":"open","ping_status":"closed","template":"","meta":[],"product_brand":[],"product_cat":[71],"product_tag":[],"class_list":{"0":"post-12776","1":"product","2":"type-product","3":"status-publish","4":"has-post-thumbnail","6":"product_cat-t-krekli","8":"first","9":"instock","10":"shipping-taxable","11":"purchasable","12":"product-type-simple"},"_links":{"self":[{"href":"https:\/\/printsale.lv\/davanas\/wp-json\/wp\/v2\/product\/12776","targetHints":{"allow":["GET"]}}],"collection":[{"href":"https:\/\/printsale.lv\/davanas\/wp-json\/wp\/v2\/product"}],"about":[{"href":"https:\/\/printsale.lv\/davanas\/wp-json\/wp\/v2\/types\/product"}],"replies":[{"embeddable":true,"href":"https:\/\/printsale.lv\/davanas\/wp-json\/wp\/v2\/comments?post=12776"}],"wp:featuredmedia":[{"embeddable":true,"href":"https:\/\/printsale.lv\/davanas\/wp-json\/wp\/v2\/media\/12783"}],"wp:attachment":[{"href":"https:\/\/printsale.lv\/davanas\/wp-json\/wp\/v2\/media?parent=12776"}],"wp:term":[{"taxonomy":"product_brand","embeddable":true,"href":"https:\/\/printsale.lv\/davanas\/wp-json\/wp\/v2\/product_brand?post=12776"},{"taxonomy":"product_cat","embeddable":true,"href":"https:\/\/printsale.lv\/davanas\/wp-json\/wp\/v2\/product_cat?post=12776"},{"taxonomy":"product_tag","embeddable":true,"href":"https:\/\/printsale.lv\/davanas\/wp-json\/wp\/v2\/product_tag?post=12776"}],"curies":[{"name":"wp","href":"https:\/\/api.w.org\/{rel}","templated":true}]}}