{"id":12779,"date":"2025-01-23T08:15:11","date_gmt":"2025-01-23T08:15:11","guid":{"rendered":"https:\/\/printsale.lv\/davanas\/?post_type=product&#038;p=12779"},"modified":"2025-01-24T11:52:15","modified_gmt":"2025-01-24T11:52:15","slug":"hudijs","status":"publish","type":"product","link":"https:\/\/printsale.lv\/davanas\/produkts\/hudijs\/","title":{"rendered":"H\u016bdijs"},"content":{"rendered":"","protected":false},"excerpt":{"rendered":"<p>Personaliz\u0113ts h\u016bdijs &#8211; stil\u012bgs un \u0113rts ap\u0123\u0113rbs, kas atspogu\u013co tavu individualit\u0101ti. Izv\u0113lies savu m\u012b\u013c\u0101ko kr\u0101su, pieliec \u012bpa\u0161u tekstu vai att\u0113lu un izveido unik\u0101lu h\u016bdiju, kas piln\u012bb\u0101 atbilst tav\u0101m v\u0113lm\u0113m. Ide\u0101ls gan ikdienas valk\u0101\u0161anai, gan k\u0101 \u012bpa\u0161a d\u0101vana draugam vai sev pa\u0161am. Augstas kvalit\u0101tes materi\u0101ls nodro\u0161ina \u0113rtumu un iztur\u012bbu, bet personaliz\u0101cija padara to par \u012bpa\u0161u modes gabalu.<\/p>\n","protected":false},"featured_media":12780,"comment_status":"open","ping_status":"closed","template":"","meta":[],"product_brand":[],"product_cat":[70],"product_tag":[],"class_list":{"0":"post-12779","1":"product","2":"type-product","3":"status-publish","4":"has-post-thumbnail","6":"product_cat-hudiji","8":"first","9":"instock","10":"shipping-taxable","11":"purchasable","12":"product-type-simple"},"_links":{"self":[{"href":"https:\/\/printsale.lv\/davanas\/wp-json\/wp\/v2\/product\/12779","targetHints":{"allow":["GET"]}}],"collection":[{"href":"https:\/\/printsale.lv\/davanas\/wp-json\/wp\/v2\/product"}],"about":[{"href":"https:\/\/printsale.lv\/davanas\/wp-json\/wp\/v2\/types\/product"}],"replies":[{"embeddable":true,"href":"https:\/\/printsale.lv\/davanas\/wp-json\/wp\/v2\/comments?post=12779"}],"wp:featuredmedia":[{"embeddable":true,"href":"https:\/\/printsale.lv\/davanas\/wp-json\/wp\/v2\/media\/12780"}],"wp:attachment":[{"href":"https:\/\/printsale.lv\/davanas\/wp-json\/wp\/v2\/media?parent=12779"}],"wp:term":[{"taxonomy":"product_brand","embeddable":true,"href":"https:\/\/printsale.lv\/davanas\/wp-json\/wp\/v2\/product_brand?post=12779"},{"taxonomy":"product_cat","embeddable":true,"href":"https:\/\/printsale.lv\/davanas\/wp-json\/wp\/v2\/product_cat?post=12779"},{"taxonomy":"product_tag","embeddable":true,"href":"https:\/\/printsale.lv\/davanas\/wp-json\/wp\/v2\/product_tag?post=12779"}],"curies":[{"name":"wp","href":"https:\/\/api.w.org\/{rel}","templated":true}]}}