{"id":12781,"date":"2025-01-23T08:36:58","date_gmt":"2025-01-23T08:36:58","guid":{"rendered":"https:\/\/printsale.lv\/davanas\/?post_type=product&#038;p=12781"},"modified":"2025-01-24T11:51:19","modified_gmt":"2025-01-24T11:51:19","slug":"sieviesu-t-krekls","status":"publish","type":"product","link":"https:\/\/printsale.lv\/davanas\/produkts\/sieviesu-t-krekls\/","title":{"rendered":"Sievie\u0161u t-krekls"},"content":{"rendered":"","protected":false},"excerpt":{"rendered":"<p>Sievie\u0161u t-krekls &#8211; stil\u012bgs un \u0113rts ap\u0123\u0113rbs ar person\u012bgo piesitienu. Izveidojiet savu unik\u0101lo dizainu &#8211; pievienojiet \u012bpa\u0161u tekstu, att\u0113lu vai grafiku, kas atspogu\u013co j\u016bsu person\u012bbu. Kvalitat\u012bvs piegriezums, kas lieliski izskat\u0101s un \u0113rti valk\u0101jas. Perfekta izv\u0113le ikdienai vai \u012bpa\u0161am notikumam.<\/p>\n","protected":false},"featured_media":12782,"comment_status":"open","ping_status":"closed","template":"","meta":[],"product_brand":[],"product_cat":[71],"product_tag":[],"class_list":{"0":"post-12781","1":"product","2":"type-product","3":"status-publish","4":"has-post-thumbnail","6":"product_cat-t-krekli","8":"first","9":"instock","10":"shipping-taxable","11":"purchasable","12":"product-type-simple"},"_links":{"self":[{"href":"https:\/\/printsale.lv\/davanas\/wp-json\/wp\/v2\/product\/12781","targetHints":{"allow":["GET"]}}],"collection":[{"href":"https:\/\/printsale.lv\/davanas\/wp-json\/wp\/v2\/product"}],"about":[{"href":"https:\/\/printsale.lv\/davanas\/wp-json\/wp\/v2\/types\/product"}],"replies":[{"embeddable":true,"href":"https:\/\/printsale.lv\/davanas\/wp-json\/wp\/v2\/comments?post=12781"}],"wp:featuredmedia":[{"embeddable":true,"href":"https:\/\/printsale.lv\/davanas\/wp-json\/wp\/v2\/media\/12782"}],"wp:attachment":[{"href":"https:\/\/printsale.lv\/davanas\/wp-json\/wp\/v2\/media?parent=12781"}],"wp:term":[{"taxonomy":"product_brand","embeddable":true,"href":"https:\/\/printsale.lv\/davanas\/wp-json\/wp\/v2\/product_brand?post=12781"},{"taxonomy":"product_cat","embeddable":true,"href":"https:\/\/printsale.lv\/davanas\/wp-json\/wp\/v2\/product_cat?post=12781"},{"taxonomy":"product_tag","embeddable":true,"href":"https:\/\/printsale.lv\/davanas\/wp-json\/wp\/v2\/product_tag?post=12781"}],"curies":[{"name":"wp","href":"https:\/\/api.w.org\/{rel}","templated":true}]}}